{"id":43,"date":"2026-01-14T21:15:24","date_gmt":"2026-01-14T20:15:24","guid":{"rendered":"https:\/\/apextc.piotruberman.pl\/?page_id=43"},"modified":"2026-01-25T07:02:32","modified_gmt":"2026-01-25T06:02:32","slug":"kontakt","status":"publish","type":"page","link":"https:\/\/apextc.piotruberman.pl\/?page_id=43","title":{"rendered":"Kontakt"},"content":{"rendered":"<style>.elementor-43 .elementor-element.elementor-element-1a0234d:not(.elementor-motion-effects-element-type-background), .elementor-43 .elementor-element.elementor-element-1a0234d > .elementor-motion-effects-container > .elementor-motion-effects-layer{background-image:url(\"https:\/\/apextc.piotruberman.pl\/wp-content\/uploads\/2026\/01\/young-people-in-gym-SAJZH5Z.jpg\");background-position:center center;background-repeat:no-repeat;background-size:cover;}.elementor-43 .elementor-element.elementor-element-1a0234d > .elementor-background-overlay{background-color:transparent;background-image:linear-gradient(180deg, #02010100 0%, #000000 100%);opacity:1;transition:background 0.3s, border-radius 0.3s, opacity 0.3s;}.elementor-43 .elementor-element.elementor-element-1a0234d{transition:background 0.3s, border 0.3s, border-radius 0.3s, box-shadow 0.3s;}.elementor-43 .elementor-element.elementor-element-1f9d864d{--spacer-size:240px;}.elementor-43 .elementor-element.elementor-element-38cce04a{text-align:center;}.elementor-43 .elementor-element.elementor-element-f106c4f:not(.elementor-motion-effects-element-type-background), .elementor-43 .elementor-element.elementor-element-f106c4f > .elementor-motion-effects-container > .elementor-motion-effects-layer{background-color:#000000;}.elementor-43 .elementor-element.elementor-element-f106c4f{transition:background 0.3s, border 0.3s, border-radius 0.3s, box-shadow 0.3s;padding:180px 0px 100px 0px;}.elementor-43 .elementor-element.elementor-element-f106c4f > .elementor-background-overlay{transition:background 0.3s, border-radius 0.3s, opacity 0.3s;}.elementor-43 .elementor-element.elementor-element-0d3b18a > .elementor-element-populated{border-style:solid;border-width:1px 1px 1px 1px;padding:40px 40px 40px 40px;}.elementor-43 .elementor-element.elementor-element-64279cd{--spacer-size:12px;}.elementor-43 .elementor-element.elementor-element-9473e21{--spacer-size:12px;}.elementor-43 .elementor-element.elementor-element-6e585af > .elementor-element-populated{border-style:solid;border-width:1px 1px 1px 1px;padding:40px 40px 40px 40px;}.elementor-43 .elementor-element.elementor-element-6e585af > .elementor-element-populated, .elementor-43 .elementor-element.elementor-element-6e585af > .elementor-element-populated > .elementor-background-overlay, .elementor-43 .elementor-element.elementor-element-6e585af > .elementor-background-slideshow{border-radius:0px 0px 0px 0px;}.elementor-43 .elementor-element.elementor-element-31815ac{--spacer-size:10px;}.elementor-43 .elementor-element.elementor-element-a715575 .elementor-field-group{padding-right:calc( 20px\/2 );padding-left:calc( 20px\/2 );margin-bottom:20px;}.elementor-43 .elementor-element.elementor-element-a715575 .elementor-form-fields-wrapper{margin-left:calc( -20px\/2 );margin-right:calc( -20px\/2 );margin-bottom:-20px;}.elementor-43 .elementor-element.elementor-element-a715575 .elementor-field-group.recaptcha_v3-bottomleft, .elementor-43 .elementor-element.elementor-element-a715575 .elementor-field-group.recaptcha_v3-bottomright{margin-bottom:0;}body.rtl .elementor-43 .elementor-element.elementor-element-a715575 .elementor-labels-inline .elementor-field-group > label{padding-left:0px;}body:not(.rtl) .elementor-43 .elementor-element.elementor-element-a715575 .elementor-labels-inline .elementor-field-group > label{padding-right:0px;}body .elementor-43 .elementor-element.elementor-element-a715575 .elementor-labels-above .elementor-field-group > label{padding-bottom:0px;}.elementor-43 .elementor-element.elementor-element-a715575 .elementor-field-type-html{padding-bottom:0px;}.elementor-43 .elementor-element.elementor-element-a715575{--e-form-steps-indicators-spacing:20px;--e-form-steps-indicator-padding:30px;--e-form-steps-indicator-active-secondary-color:#ffffff;--e-form-steps-indicator-completed-secondary-color:#ffffff;--e-form-steps-divider-width:1px;--e-form-steps-divider-gap:10px;}.elementor-43 .elementor-element.elementor-element-55a9dac7:not(.elementor-motion-effects-element-type-background), .elementor-43 .elementor-element.elementor-element-55a9dac7 > .elementor-motion-effects-container > .elementor-motion-effects-layer{background-color:#000000;}.elementor-43 .elementor-element.elementor-element-55a9dac7{transition:background 0.3s, border 0.3s, border-radius 0.3s, box-shadow 0.3s;padding:100px 0px 100px 0px;}.elementor-43 .elementor-element.elementor-element-55a9dac7 > .elementor-background-overlay{transition:background 0.3s, border-radius 0.3s, opacity 0.3s;}.elementor-43 .elementor-element.elementor-element-69e6f8d8 iframe{height:480px;filter:brightness( 100% ) contrast( 100% ) saturate( 0% ) blur( 0px ) hue-rotate( 0deg );}.elementor-43 .elementor-element.elementor-element-69e6f8d8:hover iframe{filter:brightness( 100% ) contrast( 100% ) saturate( 100% ) blur( 0px ) hue-rotate( 0deg );}@media(min-width:1025px){.elementor-43 .elementor-element.elementor-element-1a0234d:not(.elementor-motion-effects-element-type-background), .elementor-43 .elementor-element.elementor-element-1a0234d > .elementor-motion-effects-container > .elementor-motion-effects-layer{background-attachment:scroll;}}@media(max-width:1024px){.elementor-43 .elementor-element.elementor-element-c579071 > .elementor-element-populated{padding:0px 24px 0px 24px;}.elementor-43 .elementor-element.elementor-element-512a0cad > .elementor-element-populated{padding:0px 24px 0px 24px;}}@media(max-width:767px){.elementor-43 .elementor-element.elementor-element-0d3b18a > .elementor-element-populated{padding:3em 1em 3em 1em;}.elementor-43 .elementor-element.elementor-element-d3456a8{text-align:center;}.elementor-43 .elementor-element.elementor-element-dda3b00{text-align:center;}.elementor-43 .elementor-element.elementor-element-4dec2de{text-align:center;}.elementor-43 .elementor-element.elementor-element-11908e7{margin:0px 0px calc(var(--kit-widget-spacing, 0px) + 15px) 0px;text-align:center;}.elementor-43 .elementor-element.elementor-element-0f9c82a{text-align:center;}.elementor-43 .elementor-element.elementor-element-d04c839{text-align:center;}.elementor-43 .elementor-element.elementor-element-dcc9880{text-align:center;}.elementor-43 .elementor-element.elementor-element-cc0da18{text-align:center;}.elementor-43 .elementor-element.elementor-element-6e585af > .elementor-element-populated{margin:48px 0px 0px 0px;--e-column-margin-right:0px;--e-column-margin-left:0px;padding:35px 15px 35px 15px;}.elementor-43 .elementor-element.elementor-element-3af5f38{text-align:center;}}<\/style>\t\t<div data-elementor-type=\"wp-page\" data-elementor-id=\"43\" class=\"elementor elementor-43\" data-elementor-post-type=\"page\">\n\t\t\t\t\t\t<section data-particle_enable=\"false\" data-particle-mobile-disabled=\"false\" class=\"elementor-section elementor-top-section elementor-element elementor-element-1a0234d elementor-section-boxed elementor-section-height-default elementor-section-height-default\" data-id=\"1a0234d\" data-element_type=\"section\" data-settings=\"{&quot;background_background&quot;:&quot;classic&quot;}\">\n\t\t\t\t\t\t\t<div class=\"elementor-background-overlay\"><\/div>\n\t\t\t\t\t\t\t<div class=\"elementor-container elementor-column-gap-default\">\n\t\t\t\t\t<div class=\"elementor-column elementor-col-100 elementor-top-column elementor-element elementor-element-5b093b99\" data-id=\"5b093b99\" data-element_type=\"column\">\n\t\t\t<div class=\"elementor-widget-wrap elementor-element-populated\">\n\t\t\t\t\t\t<div class=\"elementor-element elementor-element-1f9d864d elementor-widget elementor-widget-spacer\" data-id=\"1f9d864d\" data-element_type=\"widget\" data-widget_type=\"spacer.default\">\n\t\t\t\t\t\t\t<div class=\"elementor-spacer\">\n\t\t\t<div class=\"elementor-spacer-inner\"><\/div>\n\t\t<\/div>\n\t\t\t\t\t\t<\/div>\n\t\t\t\t<div class=\"elementor-element elementor-element-38cce04a elementor-widget elementor-widget-heading\" data-id=\"38cce04a\" data-element_type=\"widget\" data-widget_type=\"heading.default\">\n\t\t\t\t\t<h1 class=\"elementor-heading-title elementor-size-default\">skontaktuj si\u0119 z nami<\/h1>\t\t\t\t<\/div>\n\t\t\t\t\t<\/div>\n\t\t<\/div>\n\t\t\t\t\t<\/div>\n\t\t<\/section>\n\t\t\t\t<section data-particle_enable=\"false\" data-particle-mobile-disabled=\"false\" class=\"elementor-section elementor-top-section elementor-element elementor-element-f106c4f elementor-section-boxed elementor-section-height-default elementor-section-height-default\" data-id=\"f106c4f\" data-element_type=\"section\" data-settings=\"{&quot;background_background&quot;:&quot;classic&quot;}\">\n\t\t\t\t\t\t<div class=\"elementor-container elementor-column-gap-default\">\n\t\t\t\t\t<div class=\"elementor-column elementor-col-100 elementor-top-column elementor-element elementor-element-c579071\" data-id=\"c579071\" data-element_type=\"column\">\n\t\t\t<div class=\"elementor-widget-wrap elementor-element-populated\">\n\t\t\t\t\t\t<section data-particle_enable=\"false\" data-particle-mobile-disabled=\"false\" class=\"elementor-section elementor-inner-section elementor-element elementor-element-99dc915 elementor-section-boxed elementor-section-height-default elementor-section-height-default\" data-id=\"99dc915\" data-element_type=\"section\">\n\t\t\t\t\t\t<div class=\"elementor-container elementor-column-gap-default\">\n\t\t\t\t\t<div class=\"elementor-column elementor-col-50 elementor-inner-column elementor-element elementor-element-0d3b18a\" data-id=\"0d3b18a\" data-element_type=\"column\">\n\t\t\t<div class=\"elementor-widget-wrap elementor-element-populated\">\n\t\t\t\t\t\t<div class=\"elementor-element elementor-element-d3456a8 elementor-widget elementor-widget-heading\" data-id=\"d3456a8\" data-element_type=\"widget\" data-widget_type=\"heading.default\">\n\t\t\t\t\t<h2 class=\"elementor-heading-title elementor-size-default\">Wpadnij do apex training center<\/h2>\t\t\t\t<\/div>\n\t\t\t\t<div class=\"elementor-element elementor-element-dda3b00 elementor-widget elementor-widget-text-editor\" data-id=\"dda3b00\" data-element_type=\"widget\" data-widget_type=\"text-editor.default\">\n\t\t\t\t\t\t\t\t\t<p>Przekrocz pr\u00f3g APEX, zostaw wym\u00f3wki za drzwiami i poczuj energi\u0119, kt\u00f3ra zamieni Tw\u00f3j wysi\u0142ek w bezdyskusyjne rezultaty.<\/p>\t\t\t\t\t\t\t\t<\/div>\n\t\t\t\t<div class=\"elementor-element elementor-element-64279cd elementor-widget elementor-widget-spacer\" data-id=\"64279cd\" data-element_type=\"widget\" data-widget_type=\"spacer.default\">\n\t\t\t\t\t\t\t<div class=\"elementor-spacer\">\n\t\t\t<div class=\"elementor-spacer-inner\"><\/div>\n\t\t<\/div>\n\t\t\t\t\t\t<\/div>\n\t\t\t\t<div class=\"elementor-element elementor-element-4dec2de elementor-widget elementor-widget-heading\" data-id=\"4dec2de\" data-element_type=\"widget\" data-widget_type=\"heading.default\">\n\t\t\t\t\t<h5 class=\"elementor-heading-title elementor-size-default\">Adres<\/h5>\t\t\t\t<\/div>\n\t\t\t\t<div class=\"elementor-element elementor-element-11908e7 elementor-widget elementor-widget-heading\" data-id=\"11908e7\" data-element_type=\"widget\" data-widget_type=\"heading.default\">\n\t\t\t\t\t<p class=\"elementor-heading-title elementor-size-default\">ul. Warszawska 12, Lublin<\/p>\t\t\t\t<\/div>\n\t\t\t\t<div class=\"elementor-element elementor-element-0f9c82a elementor-widget elementor-widget-heading\" data-id=\"0f9c82a\" data-element_type=\"widget\" data-widget_type=\"heading.default\">\n\t\t\t\t\t<h5 class=\"elementor-heading-title elementor-size-default\">Telefon<\/h5>\t\t\t\t<\/div>\n\t\t\t\t<div class=\"elementor-element elementor-element-d04c839 elementor-widget elementor-widget-heading\" data-id=\"d04c839\" data-element_type=\"widget\" data-widget_type=\"heading.default\">\n\t\t\t\t\t<p class=\"elementor-heading-title elementor-size-default\">+48 974 256 875<\/p>\t\t\t\t<\/div>\n\t\t\t\t<div class=\"elementor-element elementor-element-dcc9880 elementor-widget elementor-widget-heading\" data-id=\"dcc9880\" data-element_type=\"widget\" data-widget_type=\"heading.default\">\n\t\t\t\t\t<h5 class=\"elementor-heading-title elementor-size-default\">Godziny otwarcia<\/h5>\t\t\t\t<\/div>\n\t\t\t\t<div class=\"elementor-element elementor-element-cc0da18 elementor-widget elementor-widget-heading\" data-id=\"cc0da18\" data-element_type=\"widget\" data-widget_type=\"heading.default\">\n\t\t\t\t\t<p class=\"elementor-heading-title elementor-size-default\">Codziennie 09.00 - 21.00<\/p>\t\t\t\t<\/div>\n\t\t\t\t<div class=\"elementor-element elementor-element-9473e21 elementor-widget elementor-widget-spacer\" data-id=\"9473e21\" data-element_type=\"widget\" data-widget_type=\"spacer.default\">\n\t\t\t\t\t\t\t<div class=\"elementor-spacer\">\n\t\t\t<div class=\"elementor-spacer-inner\"><\/div>\n\t\t<\/div>\n\t\t\t\t\t\t<\/div>\n\t\t\t\t\t<\/div>\n\t\t<\/div>\n\t\t\t\t<div class=\"elementor-column elementor-col-50 elementor-inner-column elementor-element elementor-element-6e585af\" data-id=\"6e585af\" data-element_type=\"column\">\n\t\t\t<div class=\"elementor-widget-wrap elementor-element-populated\">\n\t\t\t\t\t\t<div class=\"elementor-element elementor-element-3af5f38 elementor-widget elementor-widget-heading\" data-id=\"3af5f38\" data-element_type=\"widget\" data-widget_type=\"heading.default\">\n\t\t\t\t\t<h2 class=\"elementor-heading-title elementor-size-default\">Napisz do nas<\/h2>\t\t\t\t<\/div>\n\t\t\t\t<div class=\"elementor-element elementor-element-31815ac elementor-widget elementor-widget-spacer\" data-id=\"31815ac\" data-element_type=\"widget\" data-widget_type=\"spacer.default\">\n\t\t\t\t\t\t\t<div class=\"elementor-spacer\">\n\t\t\t<div class=\"elementor-spacer-inner\"><\/div>\n\t\t<\/div>\n\t\t\t\t\t\t<\/div>\n\t\t\t\t<div class=\"elementor-element elementor-element-a715575 elementor-button-align-stretch elementor-widget elementor-widget-form\" data-id=\"a715575\" data-element_type=\"widget\" data-settings=\"{&quot;step_next_label&quot;:&quot;Next&quot;,&quot;step_previous_label&quot;:&quot;Previous&quot;,&quot;button_width&quot;:&quot;100&quot;,&quot;step_type&quot;:&quot;number_text&quot;,&quot;step_icon_shape&quot;:&quot;circle&quot;}\" data-widget_type=\"form.default\">\n\t\t\t\t\t\t\t<form class=\"elementor-form\" method=\"post\" name=\"New Form\" aria-label=\"New Form\">\n\t\t\t<input type=\"hidden\" name=\"post_id\" value=\"43\"\/>\n\t\t\t<input type=\"hidden\" name=\"form_id\" value=\"a715575\"\/>\n\t\t\t<input type=\"hidden\" name=\"referer_title\" value=\"Kontakt\" \/>\n\n\t\t\t\t\t\t\t<input type=\"hidden\" name=\"queried_id\" value=\"43\"\/>\n\t\t\t\n\t\t\t<div class=\"elementor-form-fields-wrapper elementor-labels-\">\n\t\t\t\t\t\t\t\t<div class=\"elementor-field-type-text elementor-field-group elementor-column elementor-field-group-name elementor-col-100 elementor-field-required\">\n\t\t\t\t\t\t\t\t\t\t\t\t<label for=\"form-field-name\" class=\"elementor-field-label elementor-screen-only\">\n\t\t\t\t\t\t\t\tName\t\t\t\t\t\t\t<\/label>\n\t\t\t\t\t\t\t\t\t\t\t\t\t\t<input size=\"1\" type=\"text\" name=\"form_fields[name]\" id=\"form-field-name\" class=\"elementor-field elementor-size-sm  elementor-field-textual\" placeholder=\"Imi\u0119\" required=\"required\">\n\t\t\t\t\t\t\t\t\t\t\t<\/div>\n\t\t\t\t\t\t\t\t<div class=\"elementor-field-type-text elementor-field-group elementor-column elementor-field-group-field_cfcef57 elementor-col-100 elementor-field-required\">\n\t\t\t\t\t\t\t\t\t\t\t\t<label for=\"form-field-field_cfcef57\" class=\"elementor-field-label elementor-screen-only\">\n\t\t\t\t\t\t\t\tPhone\t\t\t\t\t\t\t<\/label>\n\t\t\t\t\t\t\t\t\t\t\t\t\t\t<input size=\"1\" type=\"text\" name=\"form_fields[field_cfcef57]\" id=\"form-field-field_cfcef57\" class=\"elementor-field elementor-size-sm  elementor-field-textual\" placeholder=\"Numer telefonu\" required=\"required\">\n\t\t\t\t\t\t\t\t\t\t\t<\/div>\n\t\t\t\t\t\t\t\t<div class=\"elementor-field-type-email elementor-field-group elementor-column elementor-field-group-email elementor-col-100 elementor-field-required\">\n\t\t\t\t\t\t\t\t\t\t\t\t<label for=\"form-field-email\" class=\"elementor-field-label elementor-screen-only\">\n\t\t\t\t\t\t\t\tEmail\t\t\t\t\t\t\t<\/label>\n\t\t\t\t\t\t\t\t\t\t\t\t\t\t<input size=\"1\" type=\"email\" name=\"form_fields[email]\" id=\"form-field-email\" class=\"elementor-field elementor-size-sm  elementor-field-textual\" placeholder=\"E-mail\" required=\"required\">\n\t\t\t\t\t\t\t\t\t\t\t<\/div>\n\t\t\t\t\t\t\t\t<div class=\"elementor-field-type-textarea elementor-field-group elementor-column elementor-field-group-message elementor-col-100 elementor-field-required\">\n\t\t\t\t\t\t\t\t\t\t\t\t<label for=\"form-field-message\" class=\"elementor-field-label elementor-screen-only\">\n\t\t\t\t\t\t\t\tMessage\t\t\t\t\t\t\t<\/label>\n\t\t\t\t\t\t<textarea class=\"elementor-field-textual elementor-field  elementor-size-sm\" name=\"form_fields[message]\" id=\"form-field-message\" rows=\"4\" placeholder=\"Twoja wiadomo\u015b\u0107\" required=\"required\"><\/textarea>\t\t\t\t<\/div>\n\t\t\t\t\t\t\t\t<div class=\"elementor-field-group elementor-column elementor-field-type-submit elementor-col-100 e-form__buttons\">\n\t\t\t\t\t<button class=\"elementor-button elementor-size-sm\" type=\"submit\">\n\t\t\t\t\t\t<span class=\"elementor-button-content-wrapper\">\n\t\t\t\t\t\t\t\t\t\t\t\t\t\t\t\t\t\t\t\t\t\t<span class=\"elementor-button-text\">Wy\u015blij i rozpocznij przemian\u0119<\/span>\n\t\t\t\t\t\t\t\t\t\t\t\t\t<\/span>\n\t\t\t\t\t<\/button>\n\t\t\t\t<\/div>\n\t\t\t<\/div>\n\t\t<\/form>\n\t\t\t\t\t\t<\/div>\n\t\t\t\t\t<\/div>\n\t\t<\/div>\n\t\t\t\t\t<\/div>\n\t\t<\/section>\n\t\t\t\t\t<\/div>\n\t\t<\/div>\n\t\t\t\t\t<\/div>\n\t\t<\/section>\n\t\t\t\t<section data-particle_enable=\"false\" data-particle-mobile-disabled=\"false\" class=\"elementor-section elementor-top-section elementor-element elementor-element-55a9dac7 elementor-section-boxed elementor-section-height-default elementor-section-height-default\" data-id=\"55a9dac7\" data-element_type=\"section\" data-settings=\"{&quot;background_background&quot;:&quot;classic&quot;}\">\n\t\t\t\t\t\t<div class=\"elementor-container elementor-column-gap-default\">\n\t\t\t\t\t<div class=\"elementor-column elementor-col-100 elementor-top-column elementor-element elementor-element-512a0cad\" data-id=\"512a0cad\" data-element_type=\"column\">\n\t\t\t<div class=\"elementor-widget-wrap elementor-element-populated\">\n\t\t\t\t\t\t<div class=\"elementor-element elementor-element-69e6f8d8 elementor-widget elementor-widget-google_maps\" data-id=\"69e6f8d8\" data-element_type=\"widget\" data-widget_type=\"google_maps.default\">\n\t\t\t\t\t\t\t<div class=\"elementor-custom-embed\">\n\t\t\t<iframe loading=\"lazy\"\n\t\t\t\t\tsrc=\"https:\/\/maps.google.com\/maps?q=Lublin%20ul.%20Warszawska%2012&#038;t=m&#038;z=16&#038;output=embed&#038;iwloc=near\"\n\t\t\t\t\ttitle=\"Lublin ul. Warszawska 12\"\n\t\t\t\t\taria-label=\"Lublin ul. Warszawska 12\"\n\t\t\t><\/iframe>\n\t\t<\/div>\n\t\t\t\t\t\t<\/div>\n\t\t\t\t\t<\/div>\n\t\t<\/div>\n\t\t\t\t\t<\/div>\n\t\t<\/section>\n\t\t\t\t<\/div>\n\t\t","protected":false},"excerpt":{"rendered":"<p>skontaktuj si\u0119 z nami Wpadnij do apex training center Przekrocz pr\u00f3g APEX, zostaw wym\u00f3wki za drzwiami i poczuj energi\u0119, kt\u00f3ra [&hellip;]<\/p>\n","protected":false},"author":1,"featured_media":0,"parent":0,"menu_order":0,"comment_status":"closed","ping_status":"closed","template":"","meta":{"site-sidebar-layout":"no-sidebar","site-content-layout":"","ast-site-content-layout":"full-width-container","site-content-style":"default","site-sidebar-style":"default","ast-global-header-display":"","ast-banner-title-visibility":"","ast-main-header-display":"","ast-hfb-above-header-display":"","ast-hfb-below-header-display":"","ast-hfb-mobile-header-display":"","site-post-title":"","ast-breadcrumbs-content":"","ast-featured-img":"disabled","footer-sml-layout":"","ast-disable-related-posts":"","theme-transparent-header-meta":"","adv-header-id-meta":"","stick-header-meta":"","header-above-stick-meta":"","header-main-stick-meta":"","header-below-stick-meta":"","astra-migrate-meta-layouts":"default","ast-page-background-enabled":"default","ast-page-background-meta":{"desktop":{"background-color":"var(--ast-global-color-5)","background-image":"","background-repeat":"repeat","background-position":"center center","background-size":"auto","background-attachment":"scroll","background-type":"","background-media":"","overlay-type":"","overlay-color":"","overlay-opacity":"","overlay-gradient":""},"tablet":{"background-color":"","background-image":"","background-repeat":"repeat","background-position":"center center","background-size":"auto","background-attachment":"scroll","background-type":"","background-media":"","overlay-type":"","overlay-color":"","overlay-opacity":"","overlay-gradient":""},"mobile":{"background-color":"","background-image":"","background-repeat":"repeat","background-position":"center center","background-size":"auto","background-attachment":"scroll","background-type":"","background-media":"","overlay-type":"","overlay-color":"","overlay-opacity":"","overlay-gradient":""}},"ast-content-background-meta":{"desktop":{"background-color":"var(--ast-global-color-4)","background-image":"","background-repeat":"repeat","background-position":"center center","background-size":"auto","background-attachment":"scroll","background-type":"","background-media":"","overlay-type":"","overlay-color":"","overlay-opacity":"","overlay-gradient":""},"tablet":{"background-color":"var(--ast-global-color-4)","background-image":"","background-repeat":"repeat","background-position":"center center","background-size":"auto","background-attachment":"scroll","background-type":"","background-media":"","overlay-type":"","overlay-color":"","overlay-opacity":"","overlay-gradient":""},"mobile":{"background-color":"var(--ast-global-color-4)","background-image":"","background-repeat":"repeat","background-position":"center center","background-size":"auto","background-attachment":"scroll","background-type":"","background-media":"","overlay-type":"","overlay-color":"","overlay-opacity":"","overlay-gradient":""}},"footnotes":""},"class_list":["post-43","page","type-page","status-publish","hentry"],"_links":{"self":[{"href":"https:\/\/apextc.piotruberman.pl\/index.php?rest_route=\/wp\/v2\/pages\/43","targetHints":{"allow":["GET"]}}],"collection":[{"href":"https:\/\/apextc.piotruberman.pl\/index.php?rest_route=\/wp\/v2\/pages"}],"about":[{"href":"https:\/\/apextc.piotruberman.pl\/index.php?rest_route=\/wp\/v2\/types\/page"}],"author":[{"embeddable":true,"href":"https:\/\/apextc.piotruberman.pl\/index.php?rest_route=\/wp\/v2\/users\/1"}],"replies":[{"embeddable":true,"href":"https:\/\/apextc.piotruberman.pl\/index.php?rest_route=%2Fwp%2Fv2%2Fcomments&post=43"}],"version-history":[{"count":5,"href":"https:\/\/apextc.piotruberman.pl\/index.php?rest_route=\/wp\/v2\/pages\/43\/revisions"}],"predecessor-version":[{"id":293,"href":"https:\/\/apextc.piotruberman.pl\/index.php?rest_route=\/wp\/v2\/pages\/43\/revisions\/293"}],"wp:attachment":[{"href":"https:\/\/apextc.piotruberman.pl\/index.php?rest_route=%2Fwp%2Fv2%2Fmedia&parent=43"}],"curies":[{"name":"wp","href":"https:\/\/api.w.org\/{rel}","templated":true}]}}